{"id":325,"date":"2017-04-20T16:50:30","date_gmt":"2017-04-20T14:50:30","guid":{"rendered":"http:\/\/www.thejaponaisbio.com\/?page_id=325"},"modified":"2017-08-03T19:42:22","modified_gmt":"2017-08-03T17:42:22","slug":"mentions-legales","status":"publish","type":"page","link":"http:\/\/www.thejaponaisbio.com\/?page_id=325","title":{"rendered":"Mentions l\u00e9gales"},"content":{"rendered":"<h1>Mentions l\u00e9gales pour site web<\/h1>\n<h2>Article 1 &#8211; Identification de l&rsquo;\u00e9diteur et de l&rsquo;h\u00e9bergeur du site<\/h2>\n<h5>Le site http:\/\/www.thejaponaisbio.com est \u00e9dit\u00e9 par<\/h5>\n<h5><a href=\"http:\/\/www.tenzobyhissa.com\">Le Tenzo du 123 <\/a>SASU, au capital de 1000 \u20ac, entreprise immatricul\u00e9e au RCS de Paris sous le num\u00e9ro 827911256 R.C.S, dont le si\u00e8ge social est sis au 123, rue Saint Honor\u00e9, 75001 Paris.<\/h5>\n<h5>Directeur de la publication : Hisayuki Takeuchi, joignable \u00e0 l&rsquo;adresse le_chef@tenzobyhissa.com.<\/h5>\n<h5>Le site est h\u00e9berg\u00e9 par OVH, 2 rue kellermann BP 80157 59053 ROUBAIX Cedex 1. Les informations concernant la collecte et le traitement des donn\u00e9es personnelles (politique et d\u00e9claration) sont fournies dans la charte de donn\u00e9es personnelles du site.<\/h5>\n<h5><\/h5>\n<h5>Tous droits r\u00e9serv\u00e9s &#8211; 3 ao\u00fbt 2017<\/h5>\n","protected":false},"excerpt":{"rendered":"<p>Mentions l\u00e9gales pour site web Article 1 &#8211; Identification de l&rsquo;\u00e9diteur et de l&rsquo;h\u00e9bergeur du site Le site http:\/\/www.thejaponaisbio.com est \u00e9dit\u00e9 par Le Tenzo du 123 SASU, au capital de 1000 \u20ac, entreprise immatricul\u00e9e au RCS de Paris sous le num\u00e9ro 827911256 R.C.S, dont le si\u00e8ge social est sis au 123, rue Saint Honor\u00e9, 75001 [&hellip;]<\/p>\n","protected":false},"author":1,"featured_media":0,"parent":323,"menu_order":0,"comment_status":"closed","ping_status":"closed","template":"","meta":{"spay_email":""},"jetpack_sharing_enabled":true,"jetpack_shortlink":"https:\/\/wp.me\/P92wBJ-5f","_links":{"self":[{"href":"http:\/\/www.thejaponaisbio.com\/index.php?rest_route=\/wp\/v2\/pages\/325"}],"collection":[{"href":"http:\/\/www.thejaponaisbio.com\/index.php?rest_route=\/wp\/v2\/pages"}],"about":[{"href":"http:\/\/www.thejaponaisbio.com\/index.php?rest_route=\/wp\/v2\/types\/page"}],"author":[{"embeddable":true,"href":"http:\/\/www.thejaponaisbio.com\/index.php?rest_route=\/wp\/v2\/users\/1"}],"replies":[{"embeddable":true,"href":"http:\/\/www.thejaponaisbio.com\/index.php?rest_route=%2Fwp%2Fv2%2Fcomments&post=325"}],"version-history":[{"count":5,"href":"http:\/\/www.thejaponaisbio.com\/index.php?rest_route=\/wp\/v2\/pages\/325\/revisions"}],"predecessor-version":[{"id":577,"href":"http:\/\/www.thejaponaisbio.com\/index.php?rest_route=\/wp\/v2\/pages\/325\/revisions\/577"}],"up":[{"embeddable":true,"href":"http:\/\/www.thejaponaisbio.com\/index.php?rest_route=\/wp\/v2\/pages\/323"}],"wp:attachment":[{"href":"http:\/\/www.thejaponaisbio.com\/index.php?rest_route=%2Fwp%2Fv2%2Fmedia&parent=325"}],"curies":[{"name":"wp","href":"https:\/\/api.w.org\/{rel}","templated":true}]}}