{"id":67,"date":"2017-04-07T13:39:50","date_gmt":"2017-04-07T11:39:50","guid":{"rendered":"http:\/\/www.thejaponaisbio.com\/?post_type=product&#038;p=67"},"modified":"2017-04-28T17:32:42","modified_gmt":"2017-04-28T15:32:42","slug":"hojicha-the-torrefie","status":"publish","type":"product","link":"http:\/\/www.thejaponaisbio.com\/?product=hojicha-the-torrefie","title":{"rendered":"H\u00f4jicha\u3000\u307b\u3046\u3058\u8336"},"content":{"rendered":"<figure id=\"attachment_175\" aria-describedby=\"caption-attachment-175\" style=\"width: 298px\" class=\"wp-caption alignleft\"><img loading=\"lazy\" class=\"wp-image-175 size-medium\" src=\"https:\/\/i1.wp.com\/www.thejaponaisbio.com\/wp-content\/uploads\/2017\/04\/Hojicha_torrefie.png?resize=298%2C300\" alt=\"\" width=\"298\" height=\"300\" srcset=\"https:\/\/i1.wp.com\/www.thejaponaisbio.com\/wp-content\/uploads\/2017\/04\/Hojicha_torrefie.png?resize=298%2C300 298w, https:\/\/i1.wp.com\/www.thejaponaisbio.com\/wp-content\/uploads\/2017\/04\/Hojicha_torrefie.png?resize=150%2C150 150w, https:\/\/i1.wp.com\/www.thejaponaisbio.com\/wp-content\/uploads\/2017\/04\/Hojicha_torrefie.png?resize=180%2C180 180w, https:\/\/i1.wp.com\/www.thejaponaisbio.com\/wp-content\/uploads\/2017\/04\/Hojicha_torrefie.png?resize=100%2C100 100w, https:\/\/i1.wp.com\/www.thejaponaisbio.com\/wp-content\/uploads\/2017\/04\/Hojicha_torrefie.png?w=398 398w\" sizes=\"(max-width: 298px) 100vw, 298px\" data-recalc-dims=\"1\" \/><figcaption id=\"caption-attachment-175\" class=\"wp-caption-text\">th\u00e9 torr\u00e9fi\u00e9<\/figcaption><\/figure>\n<p><span style=\"border-radius: 2px; text-indent: 20px; width: auto; padding: 0px 4px 0px 0px; text-align: center; font: bold 11px\/20px 'Helvetica Neue',Helvetica,sans-serif; color: #ffffff; background: #bd081c no-repeat scroll 3px 50% \/ 14px 14px; position: absolute; opacity: 1; z-index: 8675309; display: none; cursor: pointer; top: 38px; left: 50px;\">Enregistrer<\/span><\/p>\n<p><span style=\"border-radius: 2px; text-indent: 20px; width: auto; padding: 0px 4px 0px 0px; text-align: center; font: bold 11px\/20px 'Helvetica Neue',Helvetica,sans-serif; color: #ffffff; background: #bd081c no-repeat scroll 3px 50% \/ 14px 14px; position: absolute; opacity: 1; z-index: 8675309; display: none; cursor: pointer;\">Enregistrer<\/span><\/p>\n<p><span style=\"border-radius: 2px; text-indent: 20px; width: auto; padding: 0px 4px 0px 0px; text-align: center; font: bold 11px\/20px 'Helvetica Neue',Helvetica,sans-serif; color: #ffffff; background: #bd081c no-repeat scroll 3px 50% \/ 14px 14px; position: absolute; opacity: 1; z-index: 8675309; display: none; cursor: pointer;\">Enregistrer<\/span><\/p>\n<p><span style=\"border-radius: 2px; text-indent: 20px; width: auto; padding: 0px 4px 0px 0px; text-align: center; font: bold 11px\/20px 'Helvetica Neue',Helvetica,sans-serif; color: #ffffff; background: #bd081c no-repeat scroll 3px 50% \/ 14px 14px; position: absolute; opacity: 1; z-index: 8675309; display: none; cursor: pointer;\">Enregistrer<\/span><\/p>\n<p><span style=\"border-radius: 2px; text-indent: 20px; width: auto; padding: 0px 4px 0px 0px; text-align: center; font: bold 11px\/20px 'Helvetica Neue',Helvetica,sans-serif; color: #ffffff; background: #bd081c no-repeat scroll 3px 50% \/ 14px 14px; position: absolute; opacity: 1; z-index: 8675309; display: none; cursor: pointer; top: 38px; left: 50px;\">Enregistrer<\/span><\/p>\n<p><span style=\"border-radius: 2px; text-indent: 20px; width: auto; padding: 0px 4px 0px 0px; text-align: center; font: bold 11px\/20px 'Helvetica Neue',Helvetica,sans-serif; color: #ffffff; background: #bd081c no-repeat scroll 3px 50% \/ 14px 14px; position: absolute; opacity: 1; z-index: 8675309; display: none; cursor: pointer;\">Enregistrer<\/span><\/p>\n<p><span style=\"border-radius: 2px; text-indent: 20px; width: auto; padding: 0px 4px 0px 0px; text-align: center; font: bold 11px\/20px 'Helvetica Neue',Helvetica,sans-serif; color: #ffffff; background: #bd081c no-repeat scroll 3px 50% \/ 14px 14px; position: absolute; opacity: 1; z-index: 8675309; display: none; cursor: pointer;\">Enregistrer<\/span><\/p>\n<p><span style=\"border-radius: 2px; text-indent: 20px; width: auto; padding: 0px 4px 0px 0px; text-align: center; font: bold 11px\/20px 'Helvetica Neue',Helvetica,sans-serif; color: #ffffff; background: #bd081c  no-repeat scroll 3px 50% \/ 14px 14px; position: absolute; opacity: 1; z-index: 8675309; display: none; cursor: pointer;\">Enregistrer<\/span><\/p>\n","protected":false},"excerpt":{"rendered":"<p>Poids net : 80g<\/p>\n<p><span style=\"border-radius: 2px; text-indent: 20px; width: auto; padding: 0px 4px 0px 0px; text-align: center; font: bold 11px\/20px 'Helvetica Neue',Helvetica,sans-serif; color: #ffffff; background: #bd081c no-repeat scroll 3px 50% \/ 14px 14px; position: absolute; opacity: 1; z-index: 8675309; display: none; cursor: pointer;\">Enregistrer<\/span><\/p>\n<p><span style=\"border-radius: 2px; text-indent: 20px; width: auto; padding: 0px 4px 0px 0px; text-align: center; font: bold 11px\/20px 'Helvetica Neue',Helvetica,sans-serif; color: #ffffff; background: #bd081c no-repeat scroll 3px 50% \/ 14px 14px; position: absolute; opacity: 1; z-index: 8675309; display: none; cursor: pointer; top: 30px; left: 50px;\">Enregistrer<\/span><\/p>\n","protected":false},"featured_media":175,"comment_status":"closed","ping_status":"closed","template":"","meta":{"spay_email":"","jetpack_publicize_message":"","jetpack_is_tweetstorm":false},"jetpack_publicize_connections":[],"jetpack_sharing_enabled":true,"_links":{"self":[{"href":"http:\/\/www.thejaponaisbio.com\/index.php?rest_route=\/wp\/v2\/product\/67"}],"collection":[{"href":"http:\/\/www.thejaponaisbio.com\/index.php?rest_route=\/wp\/v2\/product"}],"about":[{"href":"http:\/\/www.thejaponaisbio.com\/index.php?rest_route=\/wp\/v2\/types\/product"}],"replies":[{"embeddable":true,"href":"http:\/\/www.thejaponaisbio.com\/index.php?rest_route=%2Fwp%2Fv2%2Fcomments&post=67"}],"wp:featuredmedia":[{"embeddable":true,"href":"http:\/\/www.thejaponaisbio.com\/index.php?rest_route=\/wp\/v2\/media\/175"}],"wp:attachment":[{"href":"http:\/\/www.thejaponaisbio.com\/index.php?rest_route=%2Fwp%2Fv2%2Fmedia&parent=67"}],"curies":[{"name":"wp","href":"https:\/\/api.w.org\/{rel}","templated":true}]}}