{"id":79,"date":"2017-04-07T15:17:13","date_gmt":"2017-04-07T13:17:13","guid":{"rendered":"http:\/\/www.thejaponaisbio.com\/?post_type=product&#038;p=79"},"modified":"2022-03-17T18:32:58","modified_gmt":"2022-03-17T17:32:58","slug":"hojicha-en-poudre","status":"publish","type":"product","link":"http:\/\/www.thejaponaisbio.com\/?product=hojicha-en-poudre","title":{"rendered":"H\u00f4jicha, \u7119\u3058\u8336"},"content":{"rendered":"<p><a href=\"http:\/\/www.thejaponaisbio.com\/wp-content\/uploads\/2017\/04\/IMG_5260.mov\">Vid\u00e9o : Pr\u00e9sentation de la bo\u00eete Hojicha poudre<\/a><\/p>\n","protected":false},"excerpt":{"rendered":"<p>Poids net : 30g<\/p>\n","protected":false},"featured_media":398,"comment_status":"open","ping_status":"closed","template":"","meta":{"spay_email":"","jetpack_publicize_message":"","jetpack_is_tweetstorm":false},"jetpack_publicize_connections":[],"jetpack_sharing_enabled":true,"_links":{"self":[{"href":"http:\/\/www.thejaponaisbio.com\/index.php?rest_route=\/wp\/v2\/product\/79"}],"collection":[{"href":"http:\/\/www.thejaponaisbio.com\/index.php?rest_route=\/wp\/v2\/product"}],"about":[{"href":"http:\/\/www.thejaponaisbio.com\/index.php?rest_route=\/wp\/v2\/types\/product"}],"replies":[{"embeddable":true,"href":"http:\/\/www.thejaponaisbio.com\/index.php?rest_route=%2Fwp%2Fv2%2Fcomments&post=79"}],"wp:featuredmedia":[{"embeddable":true,"href":"http:\/\/www.thejaponaisbio.com\/index.php?rest_route=\/wp\/v2\/media\/398"}],"wp:attachment":[{"href":"http:\/\/www.thejaponaisbio.com\/index.php?rest_route=%2Fwp%2Fv2%2Fmedia&parent=79"}],"curies":[{"name":"wp","href":"https:\/\/api.w.org\/{rel}","templated":true}]}}